{"id":3,"date":"2024-01-26T13:03:24","date_gmt":"2024-01-26T10:03:24","guid":{"rendered":"https:\/\/www.tusoffice.com\/kurs\/?page_id=3"},"modified":"2025-01-29T00:56:40","modified_gmt":"2025-01-28T21:56:40","slug":"gizlilik-ilkesi","status":"publish","type":"page","link":"https:\/\/www.tusoffice.com\/kurs\/gizlilik-ilkesi\/","title":{"rendered":"Gizlilik Politikas\u0131"},"content":{"rendered":"\t\t<div data-elementor-type=\"wp-page\" data-elementor-id=\"3\" class=\"elementor elementor-3\" data-elementor-post-type=\"page\">\n\t\t\t\t<div class=\"elementor-element elementor-element-2d726f3 e-flex e-con-boxed e-con e-parent\" data-id=\"2d726f3\" data-element_type=\"container\" data-e-type=\"container\">\n\t\t\t\t\t<div class=\"e-con-inner\">\n\t\t\t\t<div class=\"elementor-element elementor-element-31c63bd8 elementor-widget elementor-widget-text-editor\" data-id=\"31c63bd8\" data-element_type=\"widget\" data-e-type=\"widget\" data-widget_type=\"text-editor.default\">\n\t\t\t\t<div class=\"elementor-widget-container\">\n\t\t\t\t\t\t\t\t\t<p><\/p>\n<p class=\"MsoNormal\" align=\"center\" style=\"margin: 0cm 0cm 8pt; line-height: 15.6933px; font-size: 11pt; font-family: Calibri, sans-serif; color: rgb(0, 0, 0); text-align: center;\"><b><span lang=\"TR\" style=\"font-size: 20pt; line-height: 28.5333px;\">G\u0130ZL\u0130L\u0130K VE G\u00dcVENL\u0130K POL\u0130T\u0130KASI<o:p><\/o:p><\/span><\/b><\/p><p class=\"MsoNormal\" style=\"margin: 0cm 0cm 8pt; line-height: 15.6933px; font-size: 11pt; font-family: Calibri, sans-serif; color: rgb(0, 0, 0);\"><span lang=\"TR\">Ma\u011fazam\u0131zda verilen t\u00fcm servisler ve <a href=\"http:\/\/www.tusoffice.com\" style=\"color: rgb(5, 99, 193); text-decoration-line: underline;\">www.tusoffice.com<\/a> adresinde kay\u0131tl\u0131 <b>TUS OFFICE E\u011fitim Ltd. \u015eti.<\/b> firmam\u0131za aittir ve firmam\u0131z taraf\u0131ndan i\u015fletilir.<o:p><\/o:p><\/span><\/p><p class=\"MsoNormal\" style=\"margin: 0cm 0cm 8pt; line-height: 15.6933px; font-size: 11pt; font-family: Calibri, sans-serif; color: rgb(0, 0, 0);\"><span lang=\"TR\">Firmam\u0131z, \u00e7e\u015fitli ama\u00e7larla ki\u015fisel veriler toplayabilir. A\u015fa\u011f\u0131da, toplanan ki\u015fisel verilerin nas\u0131l ve ne \u015fekilde topland\u0131\u011f\u0131, bu verilerin nas\u0131l ve ne \u015fekilde korundu\u011fu belirtilmi\u015ftir.<o:p><\/o:p><\/span><\/p><p class=\"MsoNormal\" style=\"margin: 0cm 0cm 8pt; line-height: 15.6933px; font-size: 11pt; font-family: Calibri, sans-serif; color: rgb(0, 0, 0);\"><b>Ki\u015fisel Verilerin Toplanmas\u0131<o:p><\/o:p><\/b><\/p><p class=\"MsoNormal\" style=\"margin: 0cm 0cm 8pt; line-height: 15.6933px; font-size: 11pt; font-family: Calibri, sans-serif; color: rgb(0, 0, 0);\"><span lang=\"TR\">\u00dcyelik veya Ma\u011fazam\u0131z \u00fczerindeki \u00e7e\u015fitli form ve anketlerin doldurulmas\u0131 suretiyle \u00fcyelerin kendileriyle ilgili bir tak\u0131m ki\u015fisel bilgileri (isim-soy isim, firma bilgileri, telefon, adres veya e-posta adresleri gibi) Ma\u011fazam\u0131z taraf\u0131ndan i\u015fin do\u011fas\u0131 gere\u011fi toplanmaktad\u0131r.<o:p><\/o:p><\/span><\/p><p class=\"MsoNormal\" style=\"margin: 0cm 0cm 8pt; line-height: 15.6933px; font-size: 11pt; font-family: Calibri, sans-serif; color: rgb(0, 0, 0);\"><b>Kampanya ve Bilgilendirme<o:p><\/o:p><\/b><\/p><p class=\"MsoNormal\" style=\"margin: 0cm 0cm 8pt; line-height: 15.6933px; font-size: 11pt; font-family: Calibri, sans-serif; color: rgb(0, 0, 0);\"><span lang=\"TR\">Firmam\u0131z baz\u0131 d\u00f6nemlerde m\u00fc\u015fterilerine ve \u00fcyelerine kampanya bilgileri, yeni \u00fcr\u00fcnler hakk\u0131nda bilgiler, promosyon teklifleri g\u00f6nderebilir. \u00dcyelerimiz bu gibi bilgileri al\u0131p almama konusunda her t\u00fcrl\u00fc se\u00e7imi \u00fcye olurken yapabilir, sonras\u0131nda \u00fcye giri\u015fi yapt\u0131ktan sonra hesap bilgileri b\u00f6l\u00fcm\u00fcnden bu se\u00e7imi de\u011fi\u015ftirebilir ya da kendisine gelen bilgilendirme iletisindeki linkle bildirim yapabilir.<o:p><\/o:p><\/span><\/p><p class=\"MsoNormal\" style=\"margin: 0cm 0cm 8pt; line-height: 15.6933px; font-size: 11pt; font-family: Calibri, sans-serif; color: rgb(0, 0, 0);\"><b>Ki\u015fisel Bilgilerin G\u00fcvenli\u011fi<o:p><\/o:p><\/b><\/p><p class=\"MsoNormal\" style=\"margin: 0cm 0cm 8pt; line-height: 15.6933px; font-size: 11pt; font-family: Calibri, sans-serif; color: rgb(0, 0, 0);\"><span lang=\"TR\">Ma\u011fazam\u0131z \u00fczerinden veya eposta ile ger\u00e7ekle\u015ftirilen onay s\u00fcrecinde, \u00fcyelerimiz taraf\u0131ndan ma\u011fazam\u0131za elektronik ortamdan iletilen ki\u015fisel bilgiler, \u00dcyelerimiz ile yapt\u0131\u011f\u0131m\u0131z &#8220;Kullan\u0131c\u0131 S\u00f6zle\u015fmesi&#8221; ile belirlenen ama\u00e7lar ve kapsam d\u0131\u015f\u0131nda \u00fc\u00e7\u00fcnc\u00fc ki\u015filere a\u00e7\u0131klanmayacakt\u0131r.<o:p><\/o:p><\/span><\/p><p class=\"MsoNormal\" style=\"margin: 0cm 0cm 8pt; line-height: 15.6933px; font-size: 11pt; font-family: Calibri, sans-serif; color: rgb(0, 0, 0);\"><b>IP Adreslerinin Kullan\u0131m\u0131<o:p><\/o:p><\/b><\/p><p class=\"MsoNormal\" style=\"margin: 0cm 0cm 8pt; line-height: 15.6933px; font-size: 11pt; font-family: Calibri, sans-serif; color: rgb(0, 0, 0);\"><span lang=\"TR\">Sistemle ilgili sorunlar\u0131n tan\u0131mlanmas\u0131 ve verilen hizmet ile ilgili \u00e7\u0131kabilecek sorunlar\u0131n \u00e7\u00f6z\u00fclmesi i\u00e7in Firmam\u0131z, \u00fcyelerinin IP adresini kaydetmekte ve bunu kullanmaktad\u0131r. IP adresleri kullan\u0131c\u0131lar\u0131 genel bir \u015fekilde tan\u0131mlamak ve kapsaml\u0131 demografik bilgi toplamak amac\u0131yla da kullan\u0131labilir.<o:p><\/o:p><\/span><\/p><p class=\"MsoNormal\" style=\"margin: 0cm 0cm 8pt; line-height: 15.6933px; font-size: 11pt; font-family: Calibri, sans-serif; color: rgb(0, 0, 0);\"><b>Kredi Kart\u0131 G\u00fcvenli\u011fi<o:p><\/o:p><\/b><\/p><p class=\"MsoNormal\" style=\"margin: 0cm 0cm 8pt; line-height: 15.6933px; font-size: 11pt; font-family: Calibri, sans-serif; color: rgb(0, 0, 0);\"><span lang=\"TR\">Firmam\u0131z, al\u0131\u015fveri\u015f sitelerimizden al\u0131\u015fveri\u015f yapan kredi kart\u0131 sahiplerinin g\u00fcvenli\u011fini ilk planda tutmaktad\u0131r. Kredi kart\u0131 bilgileriniz hi\u00e7bir \u015fekilde sistemimizde saklanmamaktad\u0131r.<o:p><\/o:p><\/span><\/p><p class=\"MsoNormal\" style=\"margin: 0cm 0cm 8pt; line-height: 15.6933px; font-size: 11pt; font-family: Calibri, sans-serif; color: rgb(0, 0, 0);\"><b>SSL G\u00fcvenli\u011fi<o:p><\/o:p><\/b><\/p><p class=\"MsoNormal\" style=\"margin: 0cm 0cm 8pt; line-height: 15.6933px; font-size: 11pt; font-family: Calibri, sans-serif; color: rgb(0, 0, 0);\"><span lang=\"TR\">Al\u0131\u015fveri\u015f s\u0131ras\u0131nda kullan\u0131lan kredi kart\u0131 ile ilgili bilgiler al\u0131\u015fveri\u015f sitelerimizden ba\u011f\u0131ms\u0131z olarak 128 bit SSL (Secure Sockets Layer) protokol\u00fc ile \u015fifrelenip sorgulanmak \u00fczere ilgili bankaya ula\u015ft\u0131r\u0131l\u0131r. Kart\u0131n kullan\u0131labilirli\u011fi onayland\u0131\u011f\u0131 takdirde al\u0131\u015fveri\u015fe devam edilir. Kartla ilgili hi\u00e7bir bilgi taraf\u0131m\u0131zdan g\u00f6r\u00fcnt\u00fclenemedi\u011finden ve kaydedilmedi\u011finden, \u00fc\u00e7\u00fcnc\u00fc \u015fah\u0131slar\u0131n herhangi bir ko\u015fulda bu bilgileri ele ge\u00e7irmesi engellenmi\u015f olur.<o:p><\/o:p><\/span><\/p><p class=\"MsoNormal\" style=\"margin: 0cm 0cm 8pt; line-height: 15.6933px; font-size: 11pt; font-family: Calibri, sans-serif; color: rgb(0, 0, 0);\"><b>Mail Order G\u00fcvenli\u011fi<o:p><\/o:p><\/b><\/p><p class=\"MsoNormal\" style=\"margin: 0cm 0cm 8pt; line-height: 15.6933px; font-size: 11pt; font-family: Calibri, sans-serif; color: rgb(0, 0, 0);\"><span lang=\"TR\">Kredi kart\u0131 mail-order y\u00f6ntemi ile firmam\u0131za g\u00f6nderece\u011finiz kimlik ve kredi kart bilgileriniz gizlilik prensibine g\u00f6re saklanacakt\u0131r. Bu bilgiler, olas\u0131 bir itiraz durumuna kar\u015f\u0131 60 g\u00fcn s\u00fcre ile saklan\u0131r ve sonras\u0131nda imha edilir.<o:p><\/o:p><\/span><\/p><p class=\"MsoNormal\" style=\"margin: 0cm 0cm 8pt; line-height: 15.6933px; font-size: 11pt; font-family: Calibri, sans-serif; color: rgb(0, 0, 0);\"><b>\u00dc\u00e7\u00fcnc\u00fc Taraf Web Siteleri ve Uygulamalar<o:p><\/o:p><\/b><\/p><p class=\"MsoNormal\" style=\"margin: 0cm 0cm 8pt; line-height: 15.6933px; font-size: 11pt; font-family: Calibri, sans-serif; color: rgb(0, 0, 0);\"><span lang=\"TR\">Ma\u011fazam\u0131z, web sitesi d\u00e2hilinde ba\u015fka sitelere link verebilir. Firmam\u0131z, bu linkler vas\u0131tas\u0131yla eri\u015filen sitelerin gizlilik uygulamalar\u0131 ve i\u00e7eriklerine y\u00f6nelik herhangi bir sorumluluk ta\u015f\u0131mamaktad\u0131r.<o:p><\/o:p><\/span><\/p><p class=\"MsoNormal\" style=\"margin: 0cm 0cm 8pt; line-height: 15.6933px; font-size: 11pt; font-family: Calibri, sans-serif; color: rgb(0, 0, 0);\"><b>\u0130stisnai Haller<o:p><\/o:p><\/b><\/p><p class=\"MsoNormal\" style=\"margin: 0cm 0cm 8pt; line-height: 15.6933px; font-size: 11pt; font-family: Calibri, sans-serif; color: rgb(0, 0, 0);\"><span lang=\"TR\">A\u015fa\u011f\u0131da belirtilen s\u0131n\u0131rl\u0131 hallerde, firmam\u0131z i\u015fbu &#8220;Gizlilik Politikas\u0131&#8221; h\u00fck\u00fcmleri d\u0131\u015f\u0131nda kullan\u0131c\u0131lara ait bilgileri \u00fc\u00e7\u00fcnc\u00fc ki\u015filere a\u00e7\u0131klayabilir:<o:p><\/o:p><\/span><\/p><ul type=\"disc\" style=\"margin-bottom: 0cm; color: rgb(0, 0, 0); font-size: medium; margin-top: 0cm;\"><li class=\"MsoNormal\" style=\"margin: 0cm 0cm 8pt; line-height: 15.6933px; font-size: 11pt; font-family: Calibri, sans-serif;\"><span lang=\"TR\">Kanun, Kanun H\u00fckm\u00fcnde Kararname, Y\u00f6netmelik vb. yetkili hukuki otoriteler taraf\u0131ndan \u00e7\u0131kar\u0131lan hukuk kurallar\u0131n\u0131n getirdi\u011fi zorunluluklara uymak;<o:p><\/o:p><\/span><\/li><li class=\"MsoNormal\" style=\"margin: 0cm 0cm 8pt; line-height: 15.6933px; font-size: 11pt; font-family: Calibri, sans-serif;\"><span lang=\"TR\">Ma\u011fazam\u0131z\u0131n kullan\u0131c\u0131larla akdetti\u011fi &#8220;\u00dcyelik S\u00f6zle\u015fmesi&#8221;nin gereklerini yerine getirmek amac\u0131yla;<o:p><\/o:p><\/span><\/li><li class=\"MsoNormal\" style=\"margin: 0cm 0cm 8pt; line-height: 15.6933px; font-size: 11pt; font-family: Calibri, sans-serif;\"><span lang=\"TR\">Yetkili idari ve adli otorite taraf\u0131ndan usul\u00fcne g\u00f6re y\u00fcr\u00fct\u00fclen bir ara\u015ft\u0131rma veya soru\u015fturma amac\u0131yla;<o:p><\/o:p><\/span><\/li><li class=\"MsoNormal\" style=\"margin: 0cm 0cm 8pt; line-height: 15.6933px; font-size: 11pt; font-family: Calibri, sans-serif;\"><span lang=\"TR\">Kullan\u0131c\u0131lar\u0131n haklar\u0131 veya g\u00fcvenliklerini korumak amac\u0131yla bilgi vermenin gerekli oldu\u011fu hallerde.<o:p><\/o:p><\/span><\/li><\/ul><p class=\"MsoNormal\" style=\"margin: 0cm 0cm 8pt; line-height: 15.6933px; font-size: 11pt; font-family: Calibri, sans-serif; color: rgb(0, 0, 0);\"><b>E-Posta G\u00fcvenli\u011fi<o:p><\/o:p><\/b><\/p><p class=\"MsoNormal\" style=\"margin: 0cm 0cm 8pt; line-height: 15.6933px; font-size: 11pt; font-family: Calibri, sans-serif; color: rgb(0, 0, 0);\"><span lang=\"TR\">Ma\u011fazam\u0131za g\u00f6nderdi\u011finiz e-postalarda asla kredi kart\u0131 bilgilerinizi payla\u015fmay\u0131n\u0131z. E-postalarda yer alan bilgiler \u00fc\u00e7\u00fcnc\u00fc \u015fah\u0131slar taraf\u0131ndan g\u00f6r\u00fclebilir ve firmam\u0131z bu bilgilerin g\u00fcvenli\u011fini garanti edemez.<o:p><\/o:p><\/span><\/p><p class=\"MsoNormal\" style=\"margin: 0cm 0cm 8pt; line-height: 15.6933px; font-size: 11pt; font-family: Calibri, sans-serif; color: rgb(0, 0, 0);\"><b>Taray\u0131c\u0131 \u00c7erezleri<o:p><\/o:p><\/b><\/p><p class=\"MsoNormal\" style=\"margin: 0cm 0cm 8pt; line-height: 15.6933px; font-size: 11pt; font-family: Calibri, sans-serif; color: rgb(0, 0, 0);\"><span lang=\"TR\">Firmam\u0131z, ma\u011fazam\u0131z\u0131 ziyaret eden kullan\u0131c\u0131lar hakk\u0131nda bilgi toplamak amac\u0131yla \u00e7erez (cookie) kullanabilir. \u00c7erezler, web sitemizde gezinmenizi kolayla\u015ft\u0131rmak ve tercihlerinizi saklamak amac\u0131yla kullan\u0131lmaktad\u0131r.<o:p><\/o:p><\/span><\/p><p class=\"MsoNormal\" style=\"margin: 0cm 0cm 8pt; line-height: 15.6933px; font-size: 11pt; font-family: Calibri, sans-serif; color: rgb(0, 0, 0);\"><span lang=\"TR\">Firmam\u0131z i\u015fbu &#8220;Gizlilik Politikas\u0131&#8221; h\u00fck\u00fcmlerini diledi\u011fi zaman de\u011fi\u015ftirebilir. Politikadaki de\u011fi\u015fiklikler, sitede yay\u0131nland\u0131\u011f\u0131 anda y\u00fcr\u00fcrl\u00fc\u011fe girer.<o:p><\/o:p><\/span><\/p><p class=\"MsoNormal\" style=\"margin: 0cm 0cm 8pt; line-height: 15.6933px; font-size: 11pt; font-family: Calibri, sans-serif; color: rgb(0, 0, 0);\"><b>\u0130leti\u015fim Bilgileri<o:p><\/o:p><\/b><\/p><p class=\"MsoNormal\" style=\"margin: 0cm 0cm 8pt; line-height: 15.6933px; font-size: 11pt; font-family: Calibri, sans-serif; color: rgb(0, 0, 0);\"><span lang=\"TR\">Gizlilik politikam\u0131z ile ilgili her t\u00fcrl\u00fc soru ve \u00f6nerileriniz i\u00e7in [Firma E-posta Adresi] adresine email g\u00f6nderebilirsiniz.<o:p><\/o:p><\/span><\/p><p class=\"MsoNormal\" style=\"margin: 0cm 0cm 8pt; line-height: 15.6933px; font-size: 11pt; font-family: Calibri, sans-serif; color: rgb(0, 0, 0);\"><span lang=\"TR\">Firma \u00dcnvan\u0131: <b>TUS OFFICE E\u011e\u0130T\u0130M LTD. \u015eT\u0130.<\/b><br>Adres: <b>Cevizli Mah. Mustafa Kemal Cad. Hukuk\u00e7ular Towers No:66\/A Kartal\/\u0130stanbul<\/b><br>Eposta: <b>bilgi@tusoffice.com<\/b><br>Tel: <b>0553 303 04 92<\/b><br><br><o:p><\/o:p><\/span><\/p><p class=\"MsoNormal\" style=\"margin: 0cm 0cm 8pt; line-height: 15.6933px; font-size: 11pt; font-family: Calibri, sans-serif; color: rgb(0, 0, 0);\"><span lang=\"TR\">&nbsp;<\/span><\/p>\n<p><\/p>\t\t\t\t\t\t\t\t<\/div>\n\t\t\t\t<\/div>\n\t\t\t\t\t<\/div>\n\t\t\t\t<\/div>\n\t\t\t\t<\/div>\n\t\t","protected":false},"excerpt":{"rendered":"<p>G\u0130ZL\u0130L\u0130K VE G\u00dcVENL\u0130K POL\u0130T\u0130KASI Ma\u011fazam\u0131zda verilen t\u00fcm servisler ve www.tusoffice.com adresinde kay\u0131tl\u0131 TUS OFFICE E\u011fitim Ltd. \u015eti. firmam\u0131za aittir ve firmam\u0131z taraf\u0131ndan i\u015fletilir. Firmam\u0131z, \u00e7e\u015fitli ama\u00e7larla ki\u015fisel veriler toplayabilir. A\u015fa\u011f\u0131da, toplanan ki\u015fisel verilerin nas\u0131l ve ne \u015fekilde topland\u0131\u011f\u0131, bu verilerin nas\u0131l ve ne \u015fekilde korundu\u011fu belirtilmi\u015ftir. Ki\u015fisel Verilerin Toplanmas\u0131 \u00dcyelik veya Ma\u011fazam\u0131z \u00fczerindeki \u00e7e\u015fitli form [&hellip;]<\/p>\n","protected":false},"author":1,"featured_media":0,"parent":0,"menu_order":0,"comment_status":"closed","ping_status":"open","template":"elementor_theme","meta":{"footnotes":""},"class_list":["post-3","page","type-page","status-publish","hentry"],"_links":{"self":[{"href":"https:\/\/www.tusoffice.com\/kurs\/wp-json\/wp\/v2\/pages\/3","targetHints":{"allow":["GET"]}}],"collection":[{"href":"https:\/\/www.tusoffice.com\/kurs\/wp-json\/wp\/v2\/pages"}],"about":[{"href":"https:\/\/www.tusoffice.com\/kurs\/wp-json\/wp\/v2\/types\/page"}],"author":[{"embeddable":true,"href":"https:\/\/www.tusoffice.com\/kurs\/wp-json\/wp\/v2\/users\/1"}],"replies":[{"embeddable":true,"href":"https:\/\/www.tusoffice.com\/kurs\/wp-json\/wp\/v2\/comments?post=3"}],"version-history":[{"count":4,"href":"https:\/\/www.tusoffice.com\/kurs\/wp-json\/wp\/v2\/pages\/3\/revisions"}],"predecessor-version":[{"id":2211,"href":"https:\/\/www.tusoffice.com\/kurs\/wp-json\/wp\/v2\/pages\/3\/revisions\/2211"}],"wp:attachment":[{"href":"https:\/\/www.tusoffice.com\/kurs\/wp-json\/wp\/v2\/media?parent=3"}],"curies":[{"name":"wp","href":"https:\/\/api.w.org\/{rel}","templated":true}]}}