{"id":218,"date":"2021-11-03T11:58:57","date_gmt":"2021-11-03T11:58:57","guid":{"rendered":"https:\/\/staging.liquid-themes.com\/masonry-shop\/?page_id=13"},"modified":"2025-01-31T01:02:13","modified_gmt":"2025-01-30T22:02:13","slug":"homepage","status":"publish","type":"page","link":"https:\/\/www.tusoffice.com\/kurs\/","title":{"rendered":"Homepage"},"content":{"rendered":"\t\t<div data-elementor-type=\"wp-page\" data-elementor-id=\"218\" class=\"elementor elementor-218\" data-elementor-post-type=\"page\">\n\t\t\t\t<div class=\"elementor-element elementor-element-4daf156 e-flex e-con-boxed e-con e-parent\" data-id=\"4daf156\" data-element_type=\"container\" data-e-type=\"container\">\n\t\t\t\t\t<div class=\"e-con-inner\">\n\t\t<div class=\"elementor-element elementor-element-4d2a450 e-con-full e-flex e-con e-child\" data-id=\"4d2a450\" data-element_type=\"container\" data-e-type=\"container\">\n\t\t\t\t<div class=\"elementor-element elementor-element-d9508ee elementor-widget elementor-widget-video\" data-id=\"d9508ee\" data-element_type=\"widget\" data-e-type=\"widget\" data-settings=\"{&quot;video_type&quot;:&quot;hosted&quot;,&quot;autoplay&quot;:&quot;yes&quot;,&quot;show_image_overlay&quot;:&quot;yes&quot;,&quot;image_overlay&quot;:{&quot;url&quot;:&quot;https:\\\/\\\/www.tusoffice.com\\\/kurs\\\/wp-content\\\/uploads\\\/2024\\\/01\\\/tus-kurs.jpg&quot;,&quot;id&quot;:659,&quot;size&quot;:&quot;&quot;,&quot;alt&quot;:&quot;&quot;,&quot;source&quot;:&quot;library&quot;}}\" data-widget_type=\"video.default\">\n\t\t\t\t<div class=\"elementor-widget-container\">\n\t\t\t\t\t\t\t<div class=\"e-hosted-video elementor-wrapper elementor-open-inline\">\n\t\t\t\t\t<video class=\"elementor-video\" src=\"https:\/\/www.tusoffice.com\/kurs\/wp-content\/uploads\/2024\/01\/tus.mp4\" autoplay=\"\" controlsList=\"nodownload\" poster=\"https:\/\/www.tusoffice.com\/kurs\/wp-content\/uploads\/2024\/01\/tus-kurs.jpg\"><\/video>\n\t\t\t\t\t\t<div class=\"elementor-custom-embed-image-overlay\" style=\"background-image: url(https:\/\/www.tusoffice.com\/kurs\/wp-content\/uploads\/2024\/01\/tus-kurs-e1709556975604.jpg);\">\n\t\t\t\t\t\t\t\t\t\t\t\t\t\t<\/div>\n\t\t\t\t\t<\/div>\n\t\t\t\t\t\t<\/div>\n\t\t\t\t<\/div>\n\t\t\t\t<\/div>\n\t\t<div class=\"elementor-element elementor-element-8793432 e-con-full e-flex e-con e-child\" data-id=\"8793432\" data-element_type=\"container\" data-e-type=\"container\">\n\t\t\t\t<div class=\"elementor-element elementor-element-317da13 elementor-widget elementor-widget-heading\" data-id=\"317da13\" data-element_type=\"widget\" data-e-type=\"widget\" data-widget_type=\"heading.default\">\n\t\t\t\t<div class=\"elementor-widget-container\">\n\t\t\t\t\t<h1 class=\"elementor-heading-title elementor-size-default\">Diff\u00fczyon<br>\nOnline Kurs<\/h1>\t\t\t\t<\/div>\n\t\t\t\t<\/div>\n\t\t\t\t<div class=\"elementor-element elementor-element-dd2afe5 elementor-widget elementor-widget-text-editor\" data-id=\"dd2afe5\" data-element_type=\"widget\" data-e-type=\"widget\" data-widget_type=\"text-editor.default\">\n\t\t\t\t<div class=\"elementor-widget-container\">\n\t\t\t\t\t\t\t\t\t<p>30 saatlik video i\u00e7eri\u011fi<br \/>Bran\u015flar aras\u0131 entegre anlat\u0131m<br \/>Kurgusal, anla\u015f\u0131l\u0131r i\u00e7erik sucumu<br \/>G\u00f6rsel &#8211; \u015fematik destek<br \/>Soru ve vaka analizleri<br \/>Beraberinde <strong>Son Vuru\u015f Notu<\/strong> hediye<\/p>\t\t\t\t\t\t\t\t<\/div>\n\t\t\t\t<\/div>\n\t\t\t\t<div class=\"elementor-element elementor-element-4ca604f elementor-widget elementor-widget-heading\" data-id=\"4ca604f\" data-element_type=\"widget\" data-e-type=\"widget\" data-widget_type=\"heading.default\">\n\t\t\t\t<div class=\"elementor-widget-container\">\n\t\t\t\t\t<p class=\"elementor-heading-title elementor-size-default\">9899 TL \/ YILLIK<\/p>\t\t\t\t<\/div>\n\t\t\t\t<\/div>\n\t\t\t\t<div class=\"elementor-element elementor-element-f642da8 elementor-align-justify elementor-widget elementor-widget-button\" data-id=\"f642da8\" data-element_type=\"widget\" data-e-type=\"widget\" data-widget_type=\"button.default\">\n\t\t\t\t<div class=\"elementor-widget-container\">\n\t\t\t\t\t\t\t\t\t<div class=\"elementor-button-wrapper\">\n\t\t\t\t\t<a class=\"elementor-button elementor-button-link elementor-size-sm\" href=\"https:\/\/tusoffice.com\/kurs\/cart\/?add-to-cart=48\">\n\t\t\t\t\t\t<span class=\"elementor-button-content-wrapper\">\n\t\t\t\t\t\t\t\t\t<span class=\"elementor-button-text\">Sat\u0131n Al<\/span>\n\t\t\t\t\t<\/span>\n\t\t\t\t\t<\/a>\n\t\t\t\t<\/div>\n\t\t\t\t\t\t\t\t<\/div>\n\t\t\t\t<\/div>\n\t\t\t\t<div class=\"elementor-element elementor-element-dcd1f74 elementor-align-justify elementor-widget elementor-widget-button\" data-id=\"dcd1f74\" data-element_type=\"widget\" data-e-type=\"widget\" data-widget_type=\"button.default\">\n\t\t\t\t<div class=\"elementor-widget-container\">\n\t\t\t\t\t\t\t\t\t<div class=\"elementor-button-wrapper\">\n\t\t\t\t\t<a class=\"elementor-button elementor-button-link elementor-size-sm\" href=\"https:\/\/www.tusoffice.com\/kurs\/course\/diffuzyon\/\">\n\t\t\t\t\t\t<span class=\"elementor-button-content-wrapper\">\n\t\t\t\t\t\t\t\t\t<span class=\"elementor-button-text\">Hadi Ba\u015flayal\u0131m<\/span>\n\t\t\t\t\t<\/span>\n\t\t\t\t\t<\/a>\n\t\t\t\t<\/div>\n\t\t\t\t\t\t\t\t<\/div>\n\t\t\t\t<\/div>\n\t\t\t\t<div class=\"elementor-element elementor-element-da28e14 elementor-align-justify elementor-widget elementor-widget-button\" data-id=\"da28e14\" data-element_type=\"widget\" data-e-type=\"widget\" data-widget_type=\"button.default\">\n\t\t\t\t<div class=\"elementor-widget-container\">\n\t\t\t\t\t\t\t\t\t<div class=\"elementor-button-wrapper\">\n\t\t\t\t\t<a class=\"elementor-button elementor-button-link elementor-size-sm\" href=\"https:\/\/www.tusoffice.com\/kurs\/course\/diffuzyon\/\">\n\t\t\t\t\t\t<span class=\"elementor-button-content-wrapper\">\n\t\t\t\t\t\t\t\t\t<span class=\"elementor-button-text\">Kursu \u00d6nizle<br><p style=\"font-size:13px;margin:0\">Kurs i\u00e7eri\u011fini g\u00f6r!<span style=\"font-size: 25px\"><\/span><\/p><\/span>\n\t\t\t\t\t<\/span>\n\t\t\t\t\t<\/a>\n\t\t\t\t<\/div>\n\t\t\t\t\t\t\t\t<\/div>\n\t\t\t\t<\/div>\n\t\t\t\t<\/div>\n\t\t\t\t\t<\/div>\n\t\t\t\t<\/div>\n\t\t\t\t<\/div>\n\t\t","protected":false},"excerpt":{"rendered":"<p>https:\/\/www.tusoffice.com\/kurs\/wp-content\/uploads\/2024\/01\/tus.mp4 Diff\u00fczyon Online Kurs 30 saatlik video i\u00e7eri\u011fiBran\u015flar aras\u0131 entegre anlat\u0131mKurgusal, anla\u015f\u0131l\u0131r i\u00e7erik sucumuG\u00f6rsel &#8211; \u015fematik destekSoru ve vaka analizleriBeraberinde Son Vuru\u015f Notu hediye 9899 TL \/ YILLIK Sat\u0131n Al Hadi Ba\u015flayal\u0131m Kursu \u00d6nizle Kurs i\u00e7eri\u011fini g\u00f6r!<\/p>\n","protected":false},"author":1,"featured_media":0,"parent":0,"menu_order":0,"comment_status":"closed","ping_status":"closed","template":"elementor_theme","meta":{"footnotes":""},"class_list":["post-218","page","type-page","status-publish","hentry"],"_links":{"self":[{"href":"https:\/\/www.tusoffice.com\/kurs\/wp-json\/wp\/v2\/pages\/218","targetHints":{"allow":["GET"]}}],"collection":[{"href":"https:\/\/www.tusoffice.com\/kurs\/wp-json\/wp\/v2\/pages"}],"about":[{"href":"https:\/\/www.tusoffice.com\/kurs\/wp-json\/wp\/v2\/types\/page"}],"author":[{"embeddable":true,"href":"https:\/\/www.tusoffice.com\/kurs\/wp-json\/wp\/v2\/users\/1"}],"replies":[{"embeddable":true,"href":"https:\/\/www.tusoffice.com\/kurs\/wp-json\/wp\/v2\/comments?post=218"}],"version-history":[{"count":95,"href":"https:\/\/www.tusoffice.com\/kurs\/wp-json\/wp\/v2\/pages\/218\/revisions"}],"predecessor-version":[{"id":2237,"href":"https:\/\/www.tusoffice.com\/kurs\/wp-json\/wp\/v2\/pages\/218\/revisions\/2237"}],"wp:attachment":[{"href":"https:\/\/www.tusoffice.com\/kurs\/wp-json\/wp\/v2\/media?parent=218"}],"curies":[{"name":"wp","href":"https:\/\/api.w.org\/{rel}","templated":true}]}}